{"id":26,"date":"2017-02-22T14:02:12","date_gmt":"2017-02-22T14:02:12","guid":{"rendered":"http:\/\/import.getbowtied.com\/shopkeeper-v2\/?page_id=26"},"modified":"2017-12-19T11:24:49","modified_gmt":"2017-12-19T10:24:49","slug":"upptack-vara-tjanster","status":"publish","type":"page","link":"https:\/\/staging.bendex.se\/en\/upptack-vara-tjanster\/","title":{"rendered":"Discover our services"},"content":{"rendered":"<section class=\"wpb-content-wrapper\"><div data-vc-full-width=\"true\" data-vc-full-width-init=\"false\" data-vc-stretch-content=\"true\" class=\"vc_row wpb_row vc_row-fluid vc_row-no-padding\"><div class=\"wpb_column vc_column_container vc_col-sm-12\"><div class=\"vc_column-inner\"><div class=\"wpb_wrapper\"><div class=\"vc_row wpb_row vc_inner vc_row-fluid\"><div class=\"wpb_column vc_column_container vc_col-sm-4\"><div class=\"vc_column-inner\"><div class=\"wpb_wrapper\"><figure class=\"effect-hover  effect-lily ratiooriginal effect-fonts vckit_custom_class_105a0450f75b350 vc_custom_1510232319098 vckit-lazyload\">\n  <a href=\"https:\/\/staging.bendex.se\/en\/rorbockning\/\" >\n    <img data-src=\"https:\/\/staging.bendex.se\/wp-content\/uploads\/2017\/02\/IMG_0807.jpg\" alt=\"R\u00d6RBOCKNING CNC-STYRDA MASKINER\"\/>\n    <figcaption>\n      <div class=\"effect-caption\">\n        <h2>PIPE BENDING <span>CNC-CONTROLLED MACHINES<\/span><\/h2>\n        <p class=\"description\">\n          Pipe bending is an efficient and inexpensive production alternative.&nbsp;        <\/p>\n      <\/div>\n    <\/figcaption>\n  <\/a>\n<\/figure>\n<style type=\"text\/css\" data-type=\"vckit-shortcode-css\" data-shortcode=\"vckit_interactive\">.effect-hover.vckit_custom_class_105a0450f75b350 h2, .effect-hover.vckit_custom_class_105a0450f75b350 p { color: #ffffff; }.effect-hover.vckit_custom_class_105a0450f75b350:hover h2, .effect-hover.vckit_custom_class_105a0450f75b350:hover p { color: #ffffff; }.effect-hover.vckit_custom_class_105a0450f75b350 img { opacity: 0.5; }.effect-hover.vckit_custom_class_105a0450f75b350:hover img { opacity: 0.1; }.effect-hover.vckit_custom_class_105a0450f75b350 { background: #1f2021; }.effect-hover.vckit_custom_class_105a0450f75b350:hover { background: #060e9f; }<\/style><\/div><\/div><\/div><div class=\"wpb_column vc_column_container vc_col-sm-4\"><div class=\"vc_column-inner\"><div class=\"wpb_wrapper\"><figure class=\"effect-hover  effect-lily ratiooriginal effect-fonts vckit_custom_class_85a045106042eb  vckit-lazyload\">\n  <a href=\"https:\/\/staging.bendex.se\/en\/rorbearbetning\/\" >\n    <img data-src=\"https:\/\/staging.bendex.se\/wp-content\/uploads\/2017\/02\/IMG_0819.jpg\" alt=\"R\u00d6RBEARBETNING MED STOR FLEXIBILITET\"\/>\n    <figcaption>\n      <div class=\"effect-caption\">\n        <h2>PIPE FINISHING <span>WITH GREAT FLEXIBILITY<\/span><\/h2>\n        <p class=\"description\">\n          We deliver fully bent and machined constructions.&nbsp;        <\/p>\n      <\/div>\n    <\/figcaption>\n  <\/a>\n<\/figure>\n<style type=\"text\/css\" data-type=\"vckit-shortcode-css\" data-shortcode=\"vckit_interactive\">.effect-hover.vckit_custom_class_85a045106042eb h2, .effect-hover.vckit_custom_class_85a045106042eb p { color: #ffffff; }.effect-hover.vckit_custom_class_85a045106042eb:hover h2, .effect-hover.vckit_custom_class_85a045106042eb:hover p { color: #ffffff; }.effect-hover.vckit_custom_class_85a045106042eb img { opacity: 0.5; }.effect-hover.vckit_custom_class_85a045106042eb:hover img { opacity: 0.1; }.effect-hover.vckit_custom_class_85a045106042eb { background: #1f2021; }.effect-hover.vckit_custom_class_85a045106042eb:hover { background: #060e9f; }<\/style><\/div><\/div><\/div><div class=\"wpb_column vc_column_container vc_col-sm-4\"><div class=\"vc_column-inner\"><div class=\"wpb_wrapper\"><figure class=\"effect-hover  effect-lily ratiooriginal effect-fonts vckit_custom_class_95a0550651623f vc_custom_1510297705371 vckit-lazyload\">\n  <a href=\"https:\/\/staging.bendex.se\/en\/svetsning\/\" >\n    <img data-src=\"https:\/\/staging.bendex.se\/wp-content\/uploads\/2017\/02\/IMG_0781.jpg\" alt=\"SVETSNING MED STORA KRAV P\u00c5 FINISH\"\/>\n    <figcaption>\n      <div class=\"effect-caption\">\n        <h2>WELDING WITH GREAT <span>DEMAND ON QUALITY<\/span><\/h2>\n        <p class=\"description\">\n          Large production volumes through welding in most robot cells and manual stations.&nbsp;        <\/p>\n      <\/div>\n    <\/figcaption>\n  <\/a>\n<\/figure>\n<style type=\"text\/css\" data-type=\"vckit-shortcode-css\" data-shortcode=\"vckit_interactive\">.effect-hover.vckit_custom_class_95a0550651623f h2, .effect-hover.vckit_custom_class_95a0550651623f p { color: #ffffff; }.effect-hover.vckit_custom_class_95a0550651623f:hover h2, .effect-hover.vckit_custom_class_95a0550651623f:hover p { color: #ffffff; }.effect-hover.vckit_custom_class_95a0550651623f img { opacity: 0.5; }.effect-hover.vckit_custom_class_95a0550651623f:hover img { opacity: 0.1; }.effect-hover.vckit_custom_class_95a0550651623f { background: #1f2021; }.effect-hover.vckit_custom_class_95a0550651623f:hover { background: #060e9f; }<\/style><\/div><\/div><\/div><\/div><div class=\"vc_row wpb_row vc_inner vc_row-fluid\"><div class=\"wpb_column vc_column_container vc_col-sm-4\"><div class=\"vc_column-inner\"><div class=\"wpb_wrapper\"><figure class=\"effect-hover  effect-lily ratiooriginal effect-fonts vckit_custom_class_105a04513bdc46c  vckit-lazyload\">\n  <a href=\"https:\/\/staging.bendex.se\/en\/laserskarning\/\" >\n    <img data-src=\"https:\/\/staging.bendex.se\/wp-content\/uploads\/2017\/02\/LASER.jpg\" alt=\"LASERSK\u00c4RNING EFFEKTIV PRODUKTION\"\/>\n    <figcaption>\n      <div class=\"effect-caption\">\n        <h2>LASER CUTTING <span>EFFECTIVE PRODUCTION<\/span><\/h2>\n        <p class=\"description\">\n          Automated production with laser cutting and fibre technology.&nbsp;        <\/p>\n      <\/div>\n    <\/figcaption>\n  <\/a>\n<\/figure>\n<style type=\"text\/css\" data-type=\"vckit-shortcode-css\" data-shortcode=\"vckit_interactive\">.effect-hover.vckit_custom_class_105a04513bdc46c h2, .effect-hover.vckit_custom_class_105a04513bdc46c p { color: #ffffff; }.effect-hover.vckit_custom_class_105a04513bdc46c:hover h2, .effect-hover.vckit_custom_class_105a04513bdc46c:hover p { color: #ffffff; }.effect-hover.vckit_custom_class_105a04513bdc46c img { opacity: 0.5; }.effect-hover.vckit_custom_class_105a04513bdc46c:hover img { opacity: 0.1; }.effect-hover.vckit_custom_class_105a04513bdc46c { background: #1f2021; }.effect-hover.vckit_custom_class_105a04513bdc46c:hover { background: #060e9f; }<\/style><\/div><\/div><\/div><div class=\"wpb_column vc_column_container vc_col-sm-4\"><div class=\"vc_column-inner\"><div class=\"wpb_wrapper\"><figure class=\"effect-hover  effect-lily ratiooriginal effect-fonts vckit_custom_class_95a04514f9fad8 vc_custom_1510232404103 vckit-lazyload\">\n  <a href=\"https:\/\/staging.bendex.se\/en\/kantpressning\/\" >\n    <img data-src=\"https:\/\/staging.bendex.se\/wp-content\/uploads\/2017\/02\/MG_9148.jpg\" alt=\"KANTPRESSNING UPP TILL 150 TON\"\/>\n    <figcaption>\n      <div class=\"effect-caption\">\n        <h2>EDGE PRESSING <span>UPP TO 150 TONS<\/span><\/h2>\n        <p class=\"description\">\n          After machining we shape sheet metal plates into various bend angles.&nbsp;        <\/p>\n      <\/div>\n    <\/figcaption>\n  <\/a>\n<\/figure>\n<style type=\"text\/css\" data-type=\"vckit-shortcode-css\" data-shortcode=\"vckit_interactive\">.effect-hover.vckit_custom_class_95a04514f9fad8 h2, .effect-hover.vckit_custom_class_95a04514f9fad8 p { color: #ffffff; }.effect-hover.vckit_custom_class_95a04514f9fad8:hover h2, .effect-hover.vckit_custom_class_95a04514f9fad8:hover p { color: #ffffff; }.effect-hover.vckit_custom_class_95a04514f9fad8 img { opacity: 0.5; }.effect-hover.vckit_custom_class_95a04514f9fad8:hover img { opacity: 0.1; }.effect-hover.vckit_custom_class_95a04514f9fad8 { background: #1f2021; }.effect-hover.vckit_custom_class_95a04514f9fad8:hover { background: #060e9f; }<\/style><\/div><\/div><\/div><div class=\"wpb_column vc_column_container vc_col-sm-4\"><div class=\"vc_column-inner\"><div class=\"wpb_wrapper\"><figure class=\"effect-hover  effect-lily ratiooriginal effect-fonts vckit_custom_class_95a0451de466a8  vckit-lazyload\">\n  <a href=\"https:\/\/staging.bendex.se\/en\/efterbehandling\/\" >\n    <img data-src=\"https:\/\/staging.bendex.se\/wp-content\/uploads\/2017\/02\/IMG_6820.jpg\" alt=\"EFTERBEHANDLING OCH LAGERH\u00c5LLNING\"\/>\n    <figcaption>\n      <div class=\"effect-caption\">\n        <h2>FINISHING <span>AND STORAGE<\/span><\/h2>\n        <p class=\"description\">\n          We provide surface treatment, partial and full assembly, packaging and warehousing under one and the same roof.&nbsp;        <\/p>\n      <\/div>\n    <\/figcaption>\n  <\/a>\n<\/figure>\n<style type=\"text\/css\" data-type=\"vckit-shortcode-css\" data-shortcode=\"vckit_interactive\">.effect-hover.vckit_custom_class_95a0451de466a8 h2, .effect-hover.vckit_custom_class_95a0451de466a8 p { color: #ffffff; }.effect-hover.vckit_custom_class_95a0451de466a8:hover h2, .effect-hover.vckit_custom_class_95a0451de466a8:hover p { color: #ffffff; }.effect-hover.vckit_custom_class_95a0451de466a8 img { opacity: 0.5; }.effect-hover.vckit_custom_class_95a0451de466a8:hover img { opacity: 0.1; }.effect-hover.vckit_custom_class_95a0451de466a8 { background: #1f2021; }.effect-hover.vckit_custom_class_95a0451de466a8:hover { background: #060e9f; }<\/style><\/div><\/div><\/div><\/div><div class=\"vckit-image-banner__wrapper vckit-image-banner  vckit-lazyload\">\n    <img class=\"vckit-image-banner__image\" data-src=\"https:\/\/staging.bendex.se\/wp-content\/uploads\/2017\/10\/Bild-s1.dna_.jpg\" alt=\"ENGAGEMANG SOM BER\u00d6R\"\/>\n  <div class=\"vckit-image-banner__text\" style=\"background-color: \">\n    <h3 class=\"vckit-image-banner__title\" style=\"font-size: 12px; color: #ffffff\">ENGAGEMENT THAT MAKES A DIFFERENCE<\/h3>\n      <\/div>\n<\/div>\n<\/div><\/div><\/div><\/div><div class=\"vc_row-full-width vc_clearfix\"><\/div>\n<\/section>","protected":false},"excerpt":{"rendered":"R\u00d6RBOCKNING CNC-STYRDA MASKINER R\u00f6rbockning \u00e4r ett rationellt och billigt produktionsalternativ.&nbsp; R\u00d6RBEARBETNING MED STOR FLEXIBILITET Vi levererar kompletta bockade och bearbetade konstruktioner.&nbsp; SVETSNING MED STORA KRAV P\u00c5 FINISH Stor produktionsvolym genom svetsning i flertalet robotceller och manuella stationer.&nbsp; LASERSK\u00c4RNING EFFEKTIV PRODUKTION Automatiserad produktion med lasersk\u00e4rning och fiberteknik.&nbsp; KANTPRESSNING UPP TILL 150 TON Efter bearbetning formar vi [...]","protected":false},"author":1,"featured_media":0,"parent":0,"menu_order":0,"comment_status":"closed","ping_status":"closed","template":"page-boxed.php","meta":[],"yoast_head":"<!-- This site is optimized with the Yoast SEO plugin v20.3 - https:\/\/yoast.com\/wordpress\/plugins\/seo\/ -->\n<title>Uppt\u00e4ck v\u00e5ra tj\u00e4nster - Bendex<\/title>\n<meta name=\"robots\" content=\"noindex, follow, max-snippet:-1, max-image-preview:large, max-video-preview:-1\" \/>\n<meta property=\"og:locale\" content=\"en_GB\" \/>\n<meta property=\"og:type\" content=\"article\" \/>\n<meta property=\"og:title\" content=\"Uppt\u00e4ck v\u00e5ra tj\u00e4nster - Bendex\" \/>\n<meta property=\"og:url\" content=\"https:\/\/staging.bendex.se\/en\/upptack-vara-tjanster\/\" \/>\n<meta property=\"og:site_name\" content=\"Bendex\" \/>\n<meta property=\"article:publisher\" content=\"https:\/\/www.facebook.com\/BendexAB\/\" \/>\n<meta property=\"article:modified_time\" content=\"2017-12-19T10:24:49+00:00\" \/>\n<meta name=\"twitter:card\" content=\"summary_large_image\" \/>\n<meta name=\"twitter:label1\" content=\"Estimated reading time\" \/>\n\t<meta name=\"twitter:data1\" content=\"3 minutes\" \/>\n<script type=\"application\/ld+json\" class=\"yoast-schema-graph\">{\"@context\":\"https:\/\/schema.org\",\"@graph\":[{\"@type\":\"WebPage\",\"@id\":\"https:\/\/staging.bendex.se\/upptack-vara-tjanster\/\",\"url\":\"https:\/\/staging.bendex.se\/upptack-vara-tjanster\/\",\"name\":\"Uppt\u00e4ck v\u00e5ra tj\u00e4nster - Bendex\",\"isPartOf\":{\"@id\":\"https:\/\/staging.bendex.se\/#website\"},\"datePublished\":\"2017-02-22T14:02:12+00:00\",\"dateModified\":\"2017-12-19T10:24:49+00:00\",\"breadcrumb\":{\"@id\":\"https:\/\/staging.bendex.se\/upptack-vara-tjanster\/#breadcrumb\"},\"inLanguage\":\"en-GB\",\"potentialAction\":[{\"@type\":\"ReadAction\",\"target\":[\"https:\/\/staging.bendex.se\/upptack-vara-tjanster\/\"]}]},{\"@type\":\"BreadcrumbList\",\"@id\":\"https:\/\/staging.bendex.se\/upptack-vara-tjanster\/#breadcrumb\",\"itemListElement\":[{\"@type\":\"ListItem\",\"position\":1,\"name\":\"Hem\",\"item\":\"https:\/\/staging.bendex.se\/\"},{\"@type\":\"ListItem\",\"position\":2,\"name\":\"Uppt\u00e4ck v\u00e5ra tj\u00e4nster\"}]},{\"@type\":\"WebSite\",\"@id\":\"https:\/\/staging.bendex.se\/#website\",\"url\":\"https:\/\/staging.bendex.se\/\",\"name\":\"Bendex AB\",\"description\":\"Engagemang som ber\u00f6r\",\"publisher\":{\"@id\":\"https:\/\/staging.bendex.se\/#organization\"},\"potentialAction\":[{\"@type\":\"SearchAction\",\"target\":{\"@type\":\"EntryPoint\",\"urlTemplate\":\"https:\/\/staging.bendex.se\/?s={search_term_string}\"},\"query-input\":\"required name=search_term_string\"}],\"inLanguage\":\"en-GB\"},{\"@type\":\"Organization\",\"@id\":\"https:\/\/staging.bendex.se\/#organization\",\"name\":\"Bendex AB\",\"url\":\"https:\/\/staging.bendex.se\/\",\"logo\":{\"@type\":\"ImageObject\",\"inLanguage\":\"en-GB\",\"@id\":\"https:\/\/staging.bendex.se\/#\/schema\/logo\/image\/\",\"url\":\"https:\/\/staging.bendex.se\/wp-content\/uploads\/2019\/02\/Bendexlogo-Med-undertext.jpg\",\"contentUrl\":\"https:\/\/staging.bendex.se\/wp-content\/uploads\/2019\/02\/Bendexlogo-Med-undertext.jpg\",\"width\":1631,\"height\":639,\"caption\":\"Bendex AB\"},\"image\":{\"@id\":\"https:\/\/staging.bendex.se\/#\/schema\/logo\/image\/\"},\"sameAs\":[\"https:\/\/www.facebook.com\/BendexAB\/\",\"https:\/\/www.linkedin.com\/company\/13064024\/admin\/\"]}]}<\/script>\n<!-- \/ Yoast SEO plugin. -->","yoast_head_json":{"title":"Uppt\u00e4ck v\u00e5ra tj\u00e4nster - Bendex","robots":{"index":"noindex","follow":"follow","max-snippet":"max-snippet:-1","max-image-preview":"max-image-preview:large","max-video-preview":"max-video-preview:-1"},"og_locale":"en_GB","og_type":"article","og_title":"Uppt\u00e4ck v\u00e5ra tj\u00e4nster - Bendex","og_url":"https:\/\/staging.bendex.se\/en\/upptack-vara-tjanster\/","og_site_name":"Bendex","article_publisher":"https:\/\/www.facebook.com\/BendexAB\/","article_modified_time":"2017-12-19T10:24:49+00:00","twitter_card":"summary_large_image","twitter_misc":{"Estimated reading time":"3 minutes"},"schema":{"@context":"https:\/\/schema.org","@graph":[{"@type":"WebPage","@id":"https:\/\/staging.bendex.se\/upptack-vara-tjanster\/","url":"https:\/\/staging.bendex.se\/upptack-vara-tjanster\/","name":"Uppt\u00e4ck v\u00e5ra tj\u00e4nster - Bendex","isPartOf":{"@id":"https:\/\/staging.bendex.se\/#website"},"datePublished":"2017-02-22T14:02:12+00:00","dateModified":"2017-12-19T10:24:49+00:00","breadcrumb":{"@id":"https:\/\/staging.bendex.se\/upptack-vara-tjanster\/#breadcrumb"},"inLanguage":"en-GB","potentialAction":[{"@type":"ReadAction","target":["https:\/\/staging.bendex.se\/upptack-vara-tjanster\/"]}]},{"@type":"BreadcrumbList","@id":"https:\/\/staging.bendex.se\/upptack-vara-tjanster\/#breadcrumb","itemListElement":[{"@type":"ListItem","position":1,"name":"Hem","item":"https:\/\/staging.bendex.se\/"},{"@type":"ListItem","position":2,"name":"Uppt\u00e4ck v\u00e5ra tj\u00e4nster"}]},{"@type":"WebSite","@id":"https:\/\/staging.bendex.se\/#website","url":"https:\/\/staging.bendex.se\/","name":"Bendex AB","description":"Engagemang som ber\u00f6r","publisher":{"@id":"https:\/\/staging.bendex.se\/#organization"},"potentialAction":[{"@type":"SearchAction","target":{"@type":"EntryPoint","urlTemplate":"https:\/\/staging.bendex.se\/?s={search_term_string}"},"query-input":"required name=search_term_string"}],"inLanguage":"en-GB"},{"@type":"Organization","@id":"https:\/\/staging.bendex.se\/#organization","name":"Bendex AB","url":"https:\/\/staging.bendex.se\/","logo":{"@type":"ImageObject","inLanguage":"en-GB","@id":"https:\/\/staging.bendex.se\/#\/schema\/logo\/image\/","url":"https:\/\/staging.bendex.se\/wp-content\/uploads\/2019\/02\/Bendexlogo-Med-undertext.jpg","contentUrl":"https:\/\/staging.bendex.se\/wp-content\/uploads\/2019\/02\/Bendexlogo-Med-undertext.jpg","width":1631,"height":639,"caption":"Bendex AB"},"image":{"@id":"https:\/\/staging.bendex.se\/#\/schema\/logo\/image\/"},"sameAs":["https:\/\/www.facebook.com\/BendexAB\/","https:\/\/www.linkedin.com\/company\/13064024\/admin\/"]}]}},"_links":{"self":[{"href":"https:\/\/staging.bendex.se\/en\/wp-json\/wp\/v2\/pages\/26"}],"collection":[{"href":"https:\/\/staging.bendex.se\/en\/wp-json\/wp\/v2\/pages"}],"about":[{"href":"https:\/\/staging.bendex.se\/en\/wp-json\/wp\/v2\/types\/page"}],"author":[{"embeddable":true,"href":"https:\/\/staging.bendex.se\/en\/wp-json\/wp\/v2\/users\/1"}],"replies":[{"embeddable":true,"href":"https:\/\/staging.bendex.se\/en\/wp-json\/wp\/v2\/comments?post=26"}],"version-history":[{"count":49,"href":"https:\/\/staging.bendex.se\/en\/wp-json\/wp\/v2\/pages\/26\/revisions"}],"predecessor-version":[{"id":2942,"href":"https:\/\/staging.bendex.se\/en\/wp-json\/wp\/v2\/pages\/26\/revisions\/2942"}],"wp:attachment":[{"href":"https:\/\/staging.bendex.se\/en\/wp-json\/wp\/v2\/media?parent=26"}],"curies":[{"name":"wp","href":"https:\/\/api.w.org\/{rel}","templated":true}]}}