{"id":2569,"date":"2017-09-13T11:45:43","date_gmt":"2017-09-13T09:45:43","guid":{"rendered":"https:\/\/bendex.se\/?page_id=2569"},"modified":"2022-10-24T10:41:04","modified_gmt":"2022-10-24T08:41:04","slug":"startsida-med-helskarm-bildspel","status":"publish","type":"page","link":"https:\/\/staging.bendex.se\/en\/","title":{"rendered":"Startsida &#8211; Engagemang som ber\u00f6r"},"content":{"rendered":"<section class=\"wpb-content-wrapper\"><div data-vc-full-width=\"true\" data-vc-full-width-init=\"false\" data-vc-stretch-content=\"true\" data-vc-parallax-image=\"https:\/\/www.youtube.com\/watch?v=jq-bTIpRzE8\" data-vc-video-bg=\"https:\/\/www.youtube.com\/watch?v=jq-bTIpRzE8\" class=\"vc_row wpb_row vc_row-fluid vc_custom_1513860447376 vc_row-has-fill vc_row-no-padding vc_row-o-full-height vc_row-o-columns-top vc_row-o-content-top vc_row-flex vc_video-bg-container\"><div class=\"wpb_column vc_column_container vc_col-sm-12 vc_col-has-fill\"><div class=\"vc_column-inner vc_custom_1504856711325\"><div class=\"wpb_wrapper\"><\/div><\/div><\/div><\/div><div class=\"vc_row-full-width vc_clearfix\"><\/div><div data-vc-full-width=\"true\" data-vc-full-width-init=\"false\" class=\"vc_row wpb_row vc_row-fluid vc_custom_1505719024638 vc_row-has-fill vc_row-o-equal-height vc_row-o-content-middle vc_row-flex\"><div class=\"wpb_column vc_column_container vc_col-sm-3 vc_col-has-fill\"><div class=\"vc_column-inner vc_custom_1507788407616\"><div class=\"wpb_wrapper\"><figure class=\"effect-hover  effect-lily ratio11  vckit_custom_class_105a041d9692328 vc_custom_1510219173403 vckit-lazyload\">\n  <a href=\"https:\/\/staging.bendex.se\/en\/upptack-vara-tjanster\/\" >\n    <img data-src=\"https:\/\/staging.bendex.se\/wp-content\/uploads\/2017\/09\/designers.png\" alt=\"FR\u00c5N SKISS TILL F\u00c4RDIG DETALJ\"\/>\n    <figcaption>\n      <div class=\"effect-caption\">\n        <h2>From drawing <span>to finished component<\/span><\/h2>\n        <p class=\"description\">\n          Our goal is to be a complete partner&nbsp;        <\/p>\n      <\/div>\n    <\/figcaption>\n  <\/a>\n<\/figure>\n<style type=\"text\/css\" data-type=\"vckit-shortcode-css\" data-shortcode=\"vckit_interactive\">.effect-hover.vckit_custom_class_105a041d9692328 h2, .effect-hover.vckit_custom_class_105a041d9692328 p { color: #ffffff; }.effect-hover.vckit_custom_class_105a041d9692328:hover h2, .effect-hover.vckit_custom_class_105a041d9692328:hover p { color: #ffffff; }.effect-hover.vckit_custom_class_105a041d9692328 img { opacity: 0.5; }.effect-hover.vckit_custom_class_105a041d9692328:hover img { opacity: 0.1; }.effect-hover.vckit_custom_class_105a041d9692328 { background: #1f2021; }.effect-hover.vckit_custom_class_105a041d9692328:hover { background: #060e9f; }<\/style><\/div><\/div><\/div><div class=\"wpb_column vc_column_container vc_col-sm-3 vc_col-has-fill\"><div class=\"vc_column-inner vc_custom_1507788413612\"><div class=\"wpb_wrapper\"><figure class=\"effect-hover  effect-lily ratio11  vckit_custom_class_95a041e2b28659 vc_custom_1510219329739 vckit-lazyload\">\n  <a href=\"https:\/\/staging.bendex.se\/en\/bendex-dna\/\" >\n    <img data-src=\"https:\/\/staging.bendex.se\/wp-content\/uploads\/2017\/09\/Bild-s1.jpg\" alt=\"ENGAGEMANG SOM BER\u00d6R\"\/>\n    <figcaption>\n      <div class=\"effect-caption\">\n        <h2>Engagement that <span>makes a difference<\/span><\/h2>\n        <p class=\"description\">\n          How did Bendex come about? What is our philosophy? Our DNA&nbsp;        <\/p>\n      <\/div>\n    <\/figcaption>\n  <\/a>\n<\/figure>\n<style type=\"text\/css\" data-type=\"vckit-shortcode-css\" data-shortcode=\"vckit_interactive\">.effect-hover.vckit_custom_class_95a041e2b28659 h2, .effect-hover.vckit_custom_class_95a041e2b28659 p { color: #ffffff; }.effect-hover.vckit_custom_class_95a041e2b28659:hover h2, .effect-hover.vckit_custom_class_95a041e2b28659:hover p { color: #ffffff; }.effect-hover.vckit_custom_class_95a041e2b28659 img { opacity: 0.5; }.effect-hover.vckit_custom_class_95a041e2b28659:hover img { opacity: 0.1; }.effect-hover.vckit_custom_class_95a041e2b28659 { background: #1f2021; }.effect-hover.vckit_custom_class_95a041e2b28659:hover { background: #060e9f; }<\/style><\/div><\/div><\/div><div class=\"wpb_column vc_column_container vc_col-sm-3 vc_col-has-fill\"><div class=\"vc_column-inner vc_custom_1507788419698\"><div class=\"wpb_wrapper\"><figure class=\"effect-hover  effect-lily ratio11  vckit_custom_class_963564f5600ee4 vc_custom_1666601074921 vckit-lazyload\">\n  <a href=\"https:\/\/staging.bendex.se\/en\/ar-du-var-nya-tekniske-saljare\/\" >\n    <img data-src=\"https:\/\/staging.bendex.se\/wp-content\/uploads\/2017\/10\/IMG_6726_2.jpg\" alt=\"Elmia Subcontrator 2022\"\/>\n    <figcaption>\n      <div class=\"effect-caption\">\n        <h2>Elmia Subcontrator <span>2022<\/span><\/h2>\n        <p class=\"description\">\n          Kom och bes\u00f6k oss i v\u00e5r monter B04:25&nbsp;        <\/p>\n      <\/div>\n    <\/figcaption>\n  <\/a>\n<\/figure>\n<style type=\"text\/css\" data-type=\"vckit-shortcode-css\" data-shortcode=\"vckit_interactive\">.effect-hover.vckit_custom_class_963564f5600ee4 h2, .effect-hover.vckit_custom_class_963564f5600ee4 p { color: #ffffff; }.effect-hover.vckit_custom_class_963564f5600ee4:hover h2, .effect-hover.vckit_custom_class_963564f5600ee4:hover p { color: #ffffff; }.effect-hover.vckit_custom_class_963564f5600ee4 img { opacity: 0.5; }.effect-hover.vckit_custom_class_963564f5600ee4:hover img { opacity: 0.1; }.effect-hover.vckit_custom_class_963564f5600ee4 { background: #1f2021; }.effect-hover.vckit_custom_class_963564f5600ee4:hover { background: #060e9f; }<\/style><\/div><\/div><\/div><div class=\"wpb_column vc_column_container vc_col-sm-3 vc_col-has-fill\"><div class=\"vc_column-inner vc_custom_1507788425848\"><div class=\"wpb_wrapper\"><figure class=\"effect-hover  effect-lily ratio11  vckit_custom_class_105a03232aa9a83 vc_custom_1510155058269 vckit-lazyload\">\n  <a href=\"https:\/\/staging.bendex.se\/en\/bendex-mediabank\/\" >\n    <img data-src=\"https:\/\/staging.bendex.se\/wp-content\/uploads\/2017\/09\/Bendex-8-sid-A4-15-1.jpg\" alt=\"LADDA NER BENDEX BROSCHYRER\"\/>\n    <figcaption>\n      <div class=\"effect-caption\">\n        <h2>Download Bendex <span>brochures<\/span><\/h2>\n        <p class=\"description\">\n          This is where you can find all Bendex communication materials&nbsp;        <\/p>\n      <\/div>\n    <\/figcaption>\n  <\/a>\n<\/figure>\n<style type=\"text\/css\" data-type=\"vckit-shortcode-css\" data-shortcode=\"vckit_interactive\">.effect-hover.vckit_custom_class_105a03232aa9a83 h2, .effect-hover.vckit_custom_class_105a03232aa9a83 p { color: #ffffff; }.effect-hover.vckit_custom_class_105a03232aa9a83:hover h2, .effect-hover.vckit_custom_class_105a03232aa9a83:hover p { color: #ffffff; }.effect-hover.vckit_custom_class_105a03232aa9a83 img { opacity: 0.5; }.effect-hover.vckit_custom_class_105a03232aa9a83:hover img { opacity: 0.1; }.effect-hover.vckit_custom_class_105a03232aa9a83 { background: #1f2021; }.effect-hover.vckit_custom_class_105a03232aa9a83:hover { background: #060e9f; }<\/style><\/div><\/div><\/div><\/div><div class=\"vc_row-full-width vc_clearfix\"><\/div><div data-vc-full-width=\"true\" data-vc-full-width-init=\"false\" data-vc-stretch-content=\"true\" class=\"vc_row wpb_row vc_row-fluid vc_custom_1510223449248 vc_row-has-fill vc_row-o-equal-height vc_row-o-content-middle vc_row-flex\"><div class=\"wpb_column vc_column_container vc_col-sm-6 vc_col-has-fill\"><div class=\"vc_column-inner vc_custom_1507786584317\"><div class=\"wpb_wrapper\">\n\t<div  class=\"wpb_single_image wpb_content_element vc_align_right  wpb_animate_when_almost_visible wpb_slideInUp slideInUp vc_custom_1507788228638\">\n\t\t\n\t\t<figure class=\"wpb_wrapper vc_figure\">\n\t\t\t<div class=\"vc_single_image-wrapper   vc_box_border_grey\"><img width=\"900\" height=\"412\" src=\"https:\/\/staging.bendex.se\/wp-content\/uploads\/2017\/09\/DriveIn-458067469.jpg\" class=\"vc_single_image-img attachment-full\" alt=\"\" decoding=\"async\" loading=\"lazy\" title=\"DriveIn-458067469\" srcset=\"https:\/\/staging.bendex.se\/wp-content\/uploads\/2017\/09\/DriveIn-458067469.jpg 900w, https:\/\/staging.bendex.se\/wp-content\/uploads\/2017\/09\/DriveIn-458067469-300x137.jpg 300w, https:\/\/staging.bendex.se\/wp-content\/uploads\/2017\/09\/DriveIn-458067469-768x352.jpg 768w\" sizes=\"(max-width: 900px) 100vw, 900px\" \/><\/div>\n\t\t<\/figure>\n\t<\/div>\n<\/div><\/div><\/div><div class=\"wpb_column vc_column_container vc_col-sm-6 vc_col-has-fill\"><div class=\"vc_column-inner vc_custom_1507786576955\"><div class=\"wpb_wrapper\">\n\t<div class=\"wpb_text_column wpb_content_element  vc_custom_1507786726386\" >\n\t\t<div class=\"wpb_wrapper\">\n\t\t\t<h3>The Bendex Way<\/h3>\n\n\t\t<\/div>\n\t<\/div>\n\n\t<div class=\"wpb_text_column wpb_content_element  vc_custom_1510219393321\" >\n\t\t<div class=\"wpb_wrapper\">\n\t\t\t<p>If you\u2019re out and about and want a quick bite to eat, you might pull into a drive-in restaurant. You can get your main course, beverages and dessert at one and the same place. This is similar to the approach we have at Bendex. We've gathered all our important processes under one and the same roof. We can provide a broad range of technical expertise in, for example, pipe bending, welding, laser cutting and finishing.<\/p>\n\n\t\t<\/div>\n\t<\/div>\n<div class=\"vckit-btn-container vckit-btn-right\"><a class=\"vckit-btn button--quidel button--size-m button--text-medium button--border-thin button--round-m vckit_custom_class_95a0420d2c5613  vc_custom_1510220014187\" href=\"http:\/\/bendex.cust.wpeasy.se\/bendex-dna#thebendexway\" title=\"Read more\" data-text=\"L\u00e4s mer\"><span>Read more<\/span><\/a><\/div>\n<style type=\"text\/css\" data-type=\"vckit-shortcode-css\" data-shortcode=\"vckit_button\">.vckit-btn.vckit_custom_class_95a0420d2c5613 { color: #060e9f}.vckit-btn.vckit_custom_class_95a0420d2c5613 { border-color: #060e9f}.vckit-btn.vckit_custom_class_95a0420d2c5613 { background-color: #060e9f}.vckit-btn.vckit_custom_class_95a0420d2c5613:hover { color: #060e9f}.vckit-btn.vckit_custom_class_95a0420d2c5613:after { background-color: #ffffff}.vckit-btn.vckit_custom_class_95a0420d2c5613:hover { border-color: #ffffff}.vckit-btn.vckit_custom_class_95a0420d2c5613:hover:before { background-color: #ffffff}<\/style><\/div><\/div><\/div><\/div><div class=\"vc_row-full-width vc_clearfix\"><\/div><div data-vc-full-width=\"true\" data-vc-full-width-init=\"false\" class=\"vc_row wpb_row vc_row-fluid vc_custom_1510223419792 vc_row-has-fill vc_row-o-equal-height vc_row-o-content-middle vc_row-flex\"><div class=\"wpb_column vc_column_container vc_col-sm-6 vc_col-has-fill\"><div class=\"vc_column-inner vc_custom_1507787328782\"><div class=\"wpb_wrapper\">\n\t<div class=\"wpb_text_column wpb_content_element  vc_custom_1510223156711\" >\n\t\t<div class=\"wpb_wrapper\">\n\t\t\t<h3>Wanted: Half-finished projects or projects that never got off the ground<\/h3>\n\n\t\t<\/div>\n\t<\/div>\n\n\t<div class=\"wpb_text_column wpb_content_element  vc_custom_1510223173603\" >\n\t\t<div class=\"wpb_wrapper\">\n\t\t\t<p>Available: An entire armada of knowledge.<\/p>\n<p>Are you interested in achieving good production economics? You\u2019re not alone. At Bendex, we work hard and actively with our customers in discussing the various production options for future products. Saying that we\u2019re looking for half-finished projects or projects that never got off the ground may sound a bit cheeky, but this is because these kinds of projects give us ample opportunities to demonstrate our strength and capacity.<\/p>\n\n\t\t<\/div>\n\t<\/div>\n<div class=\"vckit-btn-container vckit-btn-right\"><a class=\"vckit-btn button--quidel button--size-m button--text-medium button--border-thin button--round-m vckit_custom_class_95a042b63328aa  vc_custom_1510222718956\" href=\"http:\/\/bendex.cust.wpeasy.se\/upptack-vara-tjanster\/\" title=\"Read more\" data-text=\"L\u00e4s mer\"><span>Read more<\/span><\/a><\/div>\n<style type=\"text\/css\" data-type=\"vckit-shortcode-css\" data-shortcode=\"vckit_button\">.vckit-btn.vckit_custom_class_95a042b63328aa { color: #060e9f}.vckit-btn.vckit_custom_class_95a042b63328aa { border-color: #060e9f}.vckit-btn.vckit_custom_class_95a042b63328aa { background-color: #060e9f}.vckit-btn.vckit_custom_class_95a042b63328aa:hover { color: #060e9f}.vckit-btn.vckit_custom_class_95a042b63328aa:after { background-color: #ffffff}.vckit-btn.vckit_custom_class_95a042b63328aa:hover { border-color: #ffffff}.vckit-btn.vckit_custom_class_95a042b63328aa:hover:before { background-color: #ffffff}<\/style><\/div><\/div><\/div><div class=\"wpb_animate_when_almost_visible wpb_fadeIn fadeIn wpb_column vc_column_container vc_col-sm-6 vc_col-has-fill\"><div class=\"vc_column-inner vc_custom_1507787336484\"><div class=\"wpb_wrapper\">\n\t<div  class=\"wpb_single_image wpb_content_element vc_align_left  wpb_animate_when_almost_visible wpb_slideInUp slideInUp vc_custom_1509620114380\">\n\t\t\n\t\t<figure class=\"wpb_wrapper vc_figure\">\n\t\t\t<div class=\"vc_single_image-wrapper   vc_box_border_grey\"><img width=\"900\" height=\"412\" src=\"https:\/\/staging.bendex.se\/wp-content\/uploads\/2017\/09\/IMG_0797.jpg\" class=\"vc_single_image-img attachment-full\" alt=\"\" decoding=\"async\" loading=\"lazy\" title=\"IMG_0797\" srcset=\"https:\/\/staging.bendex.se\/wp-content\/uploads\/2017\/09\/IMG_0797.jpg 900w, https:\/\/staging.bendex.se\/wp-content\/uploads\/2017\/09\/IMG_0797-300x137.jpg 300w, https:\/\/staging.bendex.se\/wp-content\/uploads\/2017\/09\/IMG_0797-768x352.jpg 768w\" sizes=\"(max-width: 900px) 100vw, 900px\" \/><\/div>\n\t\t<\/figure>\n\t<\/div>\n<\/div><\/div><\/div><\/div><div class=\"vc_row-full-width vc_clearfix\"><\/div><div data-vc-full-width=\"true\" data-vc-full-width-init=\"false\" data-vc-stretch-content=\"true\" class=\"vc_row wpb_row vc_row-fluid vc_custom_1505462077697 vc_row-has-fill vc_row-o-equal-height vc_row-o-content-middle vc_row-flex\"><div class=\"wpb_column vc_column_container vc_col-sm-6 vc_col-has-fill\"><div class=\"vc_column-inner vc_custom_1507787482944\"><div class=\"wpb_wrapper\">\n\t<div  class=\"wpb_single_image wpb_content_element vc_align_right  wpb_animate_when_almost_visible wpb_slideInUp slideInUp vc_custom_1505478264425\">\n\t\t\n\t\t<figure class=\"wpb_wrapper vc_figure\">\n\t\t\t<div class=\"vc_single_image-wrapper   vc_box_border_grey\"><img width=\"900\" height=\"412\" src=\"https:\/\/staging.bendex.se\/wp-content\/uploads\/2017\/09\/Fotolia_164729195_XL.jpg\" class=\"vc_single_image-img attachment-full\" alt=\"\" decoding=\"async\" loading=\"lazy\" title=\"Donna apre pacchetto regalo, natale, compleanno, magia\" srcset=\"https:\/\/staging.bendex.se\/wp-content\/uploads\/2017\/09\/Fotolia_164729195_XL.jpg 900w, https:\/\/staging.bendex.se\/wp-content\/uploads\/2017\/09\/Fotolia_164729195_XL-300x137.jpg 300w, https:\/\/staging.bendex.se\/wp-content\/uploads\/2017\/09\/Fotolia_164729195_XL-768x352.jpg 768w\" sizes=\"(max-width: 900px) 100vw, 900px\" \/><\/div>\n\t\t<\/figure>\n\t<\/div>\n<\/div><\/div><\/div><div class=\"wpb_column vc_column_container vc_col-sm-6 vc_col-has-fill\"><div class=\"vc_column-inner vc_custom_1507787488973\"><div class=\"wpb_wrapper\">\n\t<div class=\"wpb_text_column wpb_content_element  vc_custom_1526621455892\" >\n\t\t<div class=\"wpb_wrapper\">\n\t\t\t<h3>It\u2019s not the size of a package that determines its worth<\/h3>\n\n\t\t<\/div>\n\t<\/div>\n\n\t<div class=\"wpb_text_column wpb_content_element  vc_custom_1510223203948\" >\n\t\t<div class=\"wpb_wrapper\">\n\t\t\t<p><span class=\"NORMAL\">The world\u2019s most expensive diamond recently sold for $71 million. With that in mind, it\u2019s obvious that size alone is not what determines the value of something. The Bendex philosophy is simple. We combine the smaller company\u2019s flexibility, focus and team spirit with the larger company\u2019s production capacity, maturity and structure. Taken together, this makes for both a strong brand and satisfied customers.<\/span><\/p>\n\n\t\t<\/div>\n\t<\/div>\n<div class=\"vckit-btn-container vckit-btn-right\"><a class=\"vckit-btn button--quidel button--size-m button--text-medium button--border-thin button--round-m vckit_custom_class_85a042baed8402  vc_custom_1510222780397\" href=\"http:\/\/bendex.cust.wpeasy.se\/bendex-dna#varvision\" title=\"Read more\" data-text=\"L\u00e4s mer\"><span>Read more<\/span><\/a><\/div>\n<style type=\"text\/css\" data-type=\"vckit-shortcode-css\" data-shortcode=\"vckit_button\">.vckit-btn.vckit_custom_class_85a042baed8402 { color: #060e9f}.vckit-btn.vckit_custom_class_85a042baed8402 { border-color: #060e9f}.vckit-btn.vckit_custom_class_85a042baed8402 { background-color: #060e9f}.vckit-btn.vckit_custom_class_85a042baed8402:hover { color: #060e9f}.vckit-btn.vckit_custom_class_85a042baed8402:after { background-color: #ffffff}.vckit-btn.vckit_custom_class_85a042baed8402:hover { border-color: #ffffff}.vckit-btn.vckit_custom_class_85a042baed8402:hover:before { background-color: #ffffff}<\/style><\/div><\/div><\/div><\/div><div class=\"vc_row-full-width vc_clearfix\"><\/div>\n<\/section>","protected":false},"excerpt":{"rendered":"FR\u00c5N SKISS TILL F\u00c4RDIG DETALJ V\u00e5rt uppdrag \u00e4r att kostnadseffektivt vara en komplett partner&nbsp; ENGAGEMANG SOM BER\u00d6R Hur uppstod Bendex? Vilken filosofi har vi? Vi visar v\u00e5r DNA&nbsp; Elmia Subcontrator 2022 Kom och bes\u00f6k oss i v\u00e5r monter B04:25&nbsp; LADDA NER BENDEX BROSCHYRER H\u00e4r hittar du allt kommunikationsmaterial om Bendex&nbsp; The Bendex way Om du [...]","protected":false},"author":1,"featured_media":0,"parent":0,"menu_order":0,"comment_status":"closed","ping_status":"closed","template":"page-full-width.php","meta":[],"yoast_head":"<!-- This site is optimized with the Yoast SEO plugin v20.3 - https:\/\/yoast.com\/wordpress\/plugins\/seo\/ -->\n<title>Startsida - Engagemang som ber\u00f6r - Bendex<\/title>\n<meta name=\"robots\" content=\"noindex, follow, max-snippet:-1, max-image-preview:large, max-video-preview:-1\" \/>\n<meta property=\"og:locale\" content=\"en_GB\" \/>\n<meta property=\"og:type\" content=\"article\" \/>\n<meta property=\"og:title\" content=\"Startsida - Engagemang som ber\u00f6r - Bendex\" \/>\n<meta property=\"og:url\" content=\"https:\/\/staging.bendex.se\/en\/\" \/>\n<meta property=\"og:site_name\" content=\"Bendex\" \/>\n<meta property=\"article:publisher\" content=\"https:\/\/www.facebook.com\/BendexAB\/\" \/>\n<meta property=\"article:modified_time\" content=\"2022-10-24T08:41:04+00:00\" \/>\n<meta name=\"twitter:card\" content=\"summary_large_image\" \/>\n<meta name=\"twitter:label1\" content=\"Estimated reading time\" \/>\n\t<meta name=\"twitter:data1\" content=\"6 minutes\" \/>\n<script type=\"application\/ld+json\" class=\"yoast-schema-graph\">{\"@context\":\"https:\/\/schema.org\",\"@graph\":[{\"@type\":\"WebPage\",\"@id\":\"https:\/\/staging.bendex.se\/\",\"url\":\"https:\/\/staging.bendex.se\/\",\"name\":\"Startsida - Engagemang som ber\u00f6r - Bendex\",\"isPartOf\":{\"@id\":\"https:\/\/staging.bendex.se\/#website\"},\"datePublished\":\"2017-09-13T09:45:43+00:00\",\"dateModified\":\"2022-10-24T08:41:04+00:00\",\"breadcrumb\":{\"@id\":\"https:\/\/staging.bendex.se\/#breadcrumb\"},\"inLanguage\":\"en-GB\",\"potentialAction\":[{\"@type\":\"ReadAction\",\"target\":[\"https:\/\/staging.bendex.se\/\"]}]},{\"@type\":\"BreadcrumbList\",\"@id\":\"https:\/\/staging.bendex.se\/#breadcrumb\",\"itemListElement\":[{\"@type\":\"ListItem\",\"position\":1,\"name\":\"Hem\",\"item\":\"https:\/\/staging.bendex.se\/\"},{\"@type\":\"ListItem\",\"position\":2,\"name\":\"Startsida &#8211; Engagemang som ber\u00f6r\"}]},{\"@type\":\"WebSite\",\"@id\":\"https:\/\/staging.bendex.se\/#website\",\"url\":\"https:\/\/staging.bendex.se\/\",\"name\":\"Bendex AB\",\"description\":\"Engagemang som ber\u00f6r\",\"publisher\":{\"@id\":\"https:\/\/staging.bendex.se\/#organization\"},\"potentialAction\":[{\"@type\":\"SearchAction\",\"target\":{\"@type\":\"EntryPoint\",\"urlTemplate\":\"https:\/\/staging.bendex.se\/?s={search_term_string}\"},\"query-input\":\"required name=search_term_string\"}],\"inLanguage\":\"en-GB\"},{\"@type\":\"Organization\",\"@id\":\"https:\/\/staging.bendex.se\/#organization\",\"name\":\"Bendex AB\",\"url\":\"https:\/\/staging.bendex.se\/\",\"logo\":{\"@type\":\"ImageObject\",\"inLanguage\":\"en-GB\",\"@id\":\"https:\/\/staging.bendex.se\/#\/schema\/logo\/image\/\",\"url\":\"https:\/\/staging.bendex.se\/wp-content\/uploads\/2019\/02\/Bendexlogo-Med-undertext.jpg\",\"contentUrl\":\"https:\/\/staging.bendex.se\/wp-content\/uploads\/2019\/02\/Bendexlogo-Med-undertext.jpg\",\"width\":1631,\"height\":639,\"caption\":\"Bendex AB\"},\"image\":{\"@id\":\"https:\/\/staging.bendex.se\/#\/schema\/logo\/image\/\"},\"sameAs\":[\"https:\/\/www.facebook.com\/BendexAB\/\",\"https:\/\/www.linkedin.com\/company\/13064024\/admin\/\"]}]}<\/script>\n<!-- \/ Yoast SEO plugin. -->","yoast_head_json":{"title":"Startsida - Engagemang som ber\u00f6r - Bendex","robots":{"index":"noindex","follow":"follow","max-snippet":"max-snippet:-1","max-image-preview":"max-image-preview:large","max-video-preview":"max-video-preview:-1"},"og_locale":"en_GB","og_type":"article","og_title":"Startsida - Engagemang som ber\u00f6r - Bendex","og_url":"https:\/\/staging.bendex.se\/en\/","og_site_name":"Bendex","article_publisher":"https:\/\/www.facebook.com\/BendexAB\/","article_modified_time":"2022-10-24T08:41:04+00:00","twitter_card":"summary_large_image","twitter_misc":{"Estimated reading time":"6 minutes"},"schema":{"@context":"https:\/\/schema.org","@graph":[{"@type":"WebPage","@id":"https:\/\/staging.bendex.se\/","url":"https:\/\/staging.bendex.se\/","name":"Startsida - Engagemang som ber\u00f6r - Bendex","isPartOf":{"@id":"https:\/\/staging.bendex.se\/#website"},"datePublished":"2017-09-13T09:45:43+00:00","dateModified":"2022-10-24T08:41:04+00:00","breadcrumb":{"@id":"https:\/\/staging.bendex.se\/#breadcrumb"},"inLanguage":"en-GB","potentialAction":[{"@type":"ReadAction","target":["https:\/\/staging.bendex.se\/"]}]},{"@type":"BreadcrumbList","@id":"https:\/\/staging.bendex.se\/#breadcrumb","itemListElement":[{"@type":"ListItem","position":1,"name":"Hem","item":"https:\/\/staging.bendex.se\/"},{"@type":"ListItem","position":2,"name":"Startsida &#8211; Engagemang som ber\u00f6r"}]},{"@type":"WebSite","@id":"https:\/\/staging.bendex.se\/#website","url":"https:\/\/staging.bendex.se\/","name":"Bendex AB","description":"Engagemang som ber\u00f6r","publisher":{"@id":"https:\/\/staging.bendex.se\/#organization"},"potentialAction":[{"@type":"SearchAction","target":{"@type":"EntryPoint","urlTemplate":"https:\/\/staging.bendex.se\/?s={search_term_string}"},"query-input":"required name=search_term_string"}],"inLanguage":"en-GB"},{"@type":"Organization","@id":"https:\/\/staging.bendex.se\/#organization","name":"Bendex AB","url":"https:\/\/staging.bendex.se\/","logo":{"@type":"ImageObject","inLanguage":"en-GB","@id":"https:\/\/staging.bendex.se\/#\/schema\/logo\/image\/","url":"https:\/\/staging.bendex.se\/wp-content\/uploads\/2019\/02\/Bendexlogo-Med-undertext.jpg","contentUrl":"https:\/\/staging.bendex.se\/wp-content\/uploads\/2019\/02\/Bendexlogo-Med-undertext.jpg","width":1631,"height":639,"caption":"Bendex AB"},"image":{"@id":"https:\/\/staging.bendex.se\/#\/schema\/logo\/image\/"},"sameAs":["https:\/\/www.facebook.com\/BendexAB\/","https:\/\/www.linkedin.com\/company\/13064024\/admin\/"]}]}},"_links":{"self":[{"href":"https:\/\/staging.bendex.se\/en\/wp-json\/wp\/v2\/pages\/2569"}],"collection":[{"href":"https:\/\/staging.bendex.se\/en\/wp-json\/wp\/v2\/pages"}],"about":[{"href":"https:\/\/staging.bendex.se\/en\/wp-json\/wp\/v2\/types\/page"}],"author":[{"embeddable":true,"href":"https:\/\/staging.bendex.se\/en\/wp-json\/wp\/v2\/users\/1"}],"replies":[{"embeddable":true,"href":"https:\/\/staging.bendex.se\/en\/wp-json\/wp\/v2\/comments?post=2569"}],"version-history":[{"count":172,"href":"https:\/\/staging.bendex.se\/en\/wp-json\/wp\/v2\/pages\/2569\/revisions"}],"predecessor-version":[{"id":85224,"href":"https:\/\/staging.bendex.se\/en\/wp-json\/wp\/v2\/pages\/2569\/revisions\/85224"}],"wp:attachment":[{"href":"https:\/\/staging.bendex.se\/en\/wp-json\/wp\/v2\/media?parent=2569"}],"curies":[{"name":"wp","href":"https:\/\/api.w.org\/{rel}","templated":true}]}}